{"id":3,"date":"2024-07-01T20:40:44","date_gmt":"2024-07-01T20:40:44","guid":{"rendered":"https:\/\/dkriol.com\/?page_id=3"},"modified":"2024-07-13T19:28:44","modified_gmt":"2024-07-13T19:28:44","slug":"politica-de-privacidade","status":"publish","type":"page","link":"https:\/\/dkriol.com\/en\/politica-de-privacidade\/","title":{"rendered":"Privacy Policies"},"content":{"rendered":"<div data-elementor-type=\"wp-page\" data-elementor-id=\"3\" class=\"elementor elementor-3\" data-elementor-post-type=\"page\">\n\t\t\t\t<div class=\"elementor-element elementor-element-cd94d67 e-con-full e-flex e-con e-parent\" data-id=\"cd94d67\" data-element_type=\"container\" data-settings=\"{&quot;background_background&quot;:&quot;classic&quot;}\">\n\t\t<div class=\"elementor-element elementor-element-4f695dc e-con-full e-flex e-con e-child\" data-id=\"4f695dc\" data-element_type=\"container\">\n\t\t<div class=\"elementor-element elementor-element-e281374 e-con-full e-flex e-con e-child\" data-id=\"e281374\" data-element_type=\"container\">\n\t\t\t\t<div class=\"elementor-element elementor-element-e4a1fa1 elementor-widget__width-auto elementor-invisible elementor-widget elementor-widget-heading\" data-id=\"e4a1fa1\" data-element_type=\"widget\" data-settings=\"{&quot;_animation&quot;:&quot;fadeIn&quot;,&quot;_animation_delay&quot;:200}\" data-widget_type=\"heading.default\">\n\t\t\t\t<div class=\"elementor-widget-container\">\n\t\t\t<div class=\"elementor-heading-title elementor-size-default\"><a href=\"https:\/\/dkriol.com\/en\">Home<\/a><\/div>\t\t<\/div>\n\t\t\t\t<\/div>\n\t\t\t\t<div class=\"elementor-element elementor-element-cdfbdf9 elementor-widget__width-auto elementor-view-default elementor-invisible elementor-widget elementor-widget-icon\" data-id=\"cdfbdf9\" data-element_type=\"widget\" data-settings=\"{&quot;_animation&quot;:&quot;fadeIn&quot;,&quot;_animation_delay&quot;:400}\" data-widget_type=\"icon.default\">\n\t\t\t\t<div class=\"elementor-widget-container\">\n\t\t\t\t\t<div class=\"elementor-icon-wrapper\">\n\t\t\t<div class=\"elementor-icon\">\n\t\t\t<svg aria-hidden=\"true\" class=\"e-font-icon-svg e-fas-angle-right\" viewbox=\"0 0 256 512\" xmlns=\"http:\/\/www.w3.org\/2000\/svg\"><path d=\"M224.3 273l-136 136c-9.4 9.4-24.6 9.4-33.9 0l-22.6-22.6c-9.4-9.4-9.4-24.6 0-33.9l96.4-96.4-96.4-96.4c-9.4-9.4-9.4-24.6 0-33.9L54.3 103c9.4-9.4 24.6-9.4 33.9 0l136 136c9.5 9.4 9.5 24.6.1 34z\"><\/path><\/svg>\t\t\t<\/div>\n\t\t<\/div>\n\t\t\t\t<\/div>\n\t\t\t\t<\/div>\n\t\t\t\t<\/div>\n\t\t\t\t<\/div>\n\t\t\t\t<\/div>\n\t\t<div class=\"elementor-element elementor-element-60cc3610 e-flex e-con-boxed e-con e-parent\" data-id=\"60cc3610\" data-element_type=\"container\">\n\t\t\t\t\t<div class=\"e-con-inner\">\n\t\t\t\t<div class=\"elementor-element elementor-element-f3ca07 elementor-widget elementor-widget-text-editor\" data-id=\"f3ca07\" data-element_type=\"widget\" data-widget_type=\"text-editor.default\">\n\t\t\t\t<div class=\"elementor-widget-container\">\n\t\t\t\t\t\t\t<!-- wp:paragraph -->\n<p>At dkriol, we value the privacy of our customers and visitors to our website. This Privacy Policy describes how we collect, use and protect your personal information. By using our services, you agree to the collection and use of information in accordance with this policy.<\/p>\n<!-- \/wp:paragraph --><!-- wp:heading {\"level\":4} -->\n<h4 class=\"wp-block-heading\">Information Collection<\/h4>\n<!-- \/wp:heading --><!-- wp:paragraph -->\n<p>We collect information in different ways, including:<\/p>\n<!-- \/wp:paragraph --><!-- wp:list -->\n<ul><!-- wp:list-item -->\n<li><strong>Information you provide to us:<\/strong> When you contact us via our website or email, we may collect personal data such as name, email address and other contact information.<\/li>\n<!-- \/wp:list-item --><!-- wp:list-item -->\n<li><strong>Information collected automatically:<\/strong> We use tools such as Google Analytics and Google Search Console to collect data about the use of our website, including IP address, browser type, pages visited and time spent on each page.<\/li>\n<!-- \/wp:list-item --><\/ul>\n<!-- \/wp:list --><!-- wp:heading {\"level\":4} -->\n<h4 class=\"wp-block-heading\">Use of Information<\/h4>\n<!-- \/wp:heading --><!-- wp:paragraph -->\n<p>The information collected is used to:<\/p>\n<!-- \/wp:paragraph --><!-- wp:list -->\n<ul><!-- wp:list-item -->\n<li>Improve the quality of our services and our website.<\/li>\n<!-- \/wp:list-item --><!-- wp:list-item -->\n<li>Respond to requests and provide customer support.<\/li>\n<!-- \/wp:list-item --><!-- wp:list-item -->\n<li>Analyze the behavior of website visitors to optimize the user experience.<\/li>\n<!-- \/wp:list-item --><!-- wp:list-item -->\n<li>Conduct internal research and analysis to better understand our customers and their needs.<\/li>\n<!-- \/wp:list-item --><\/ul>\n<!-- \/wp:list --><!-- wp:heading {\"level\":4} -->\n<h4 class=\"wp-block-heading\">Information Sharing<\/h4>\n<!-- \/wp:heading --><!-- wp:paragraph -->\n<p>We do not sell, exchange or transfer your personal information to third parties, except for:<\/p>\n<!-- \/wp:paragraph --><!-- wp:list -->\n<ul><!-- wp:list-item -->\n<li>Service providers who assist us in operating our website and providing our services, provided that these third parties agree to keep this information confidential.<\/li>\n<!-- \/wp:list-item --><!-- wp:list-item -->\n<li>Comply with the law, respond to a subpoena or other legal process.<\/li>\n<!-- \/wp:list-item --><\/ul>\n<!-- \/wp:list --><!-- wp:heading {\"level\":4} -->\n<h4 class=\"wp-block-heading\">Information Protection<\/h4>\n<!-- \/wp:heading --><!-- wp:paragraph -->\n<p>We implement a variety of security measures to keep your personal information safe. We use encryption technology and other security measures to protect your information during transmission and storage.<\/p>\n<!-- \/wp:paragraph --><!-- wp:heading {\"level\":4} -->\n<h4 class=\"wp-block-heading\">Cookies<\/h4>\n<!-- \/wp:heading --><!-- wp:paragraph -->\n<p>We use cookies to improve the functionality of our website and the user experience. Cookies are small files that a website or its service provider transfers to your computer's hard drive through your web browser (if you allow) that allows the websites or service providers' systems to recognize your browser and capture and remember certain information.<\/p>\n<!-- \/wp:paragraph --><!-- wp:heading {\"level\":4} -->\n<h4 class=\"wp-block-heading\">Your Rights<\/h4>\n<!-- \/wp:heading --><!-- wp:paragraph -->\n<p>You have the right to:<\/p>\n<!-- \/wp:paragraph --><!-- wp:list -->\n<ul><!-- wp:list-item -->\n<li>Access, correct or delete your personal information.<\/li>\n<!-- \/wp:list-item --><!-- wp:list-item -->\n<li>Opt out of receiving further communications from us.<\/li>\n<!-- \/wp:list-item --><!-- wp:list-item -->\n<li>Request the interruption of the processing of your personal data.<\/li>\n<!-- \/wp:list-item --><\/ul>\n<!-- \/wp:list --><!-- wp:heading {\"level\":4} -->\n<h4 class=\"wp-block-heading\">Contact<\/h4>\n<!-- \/wp:heading --><!-- wp:paragraph -->\n<p>If you have questions about this Privacy Policy or our privacy practices, please contact us via email: <a>contato@dkriol.com<\/a>.<\/p>\n<!-- \/wp:paragraph --><!-- wp:heading {\"level\":4} -->\n<h4 class=\"wp-block-heading\">Changes to this Privacy Policy<\/h4>\n<!-- \/wp:heading --><!-- wp:paragraph -->\n<p>We may update this Privacy Policy periodically to reflect changes in our information practices. We recommend that you review this policy regularly to stay informed about how we are protecting your information.<\/p>\n<!-- \/wp:paragraph --><!-- wp:heading {\"level\":4} -->\n<h4 class=\"wp-block-heading\">Contact Information<\/h4>\n<!-- \/wp:heading --><!-- wp:paragraph -->\n<p><strong>Company Name:<\/strong> dkriol<br \/><strong>Address:<\/strong> Mindelo, S\u00e3o Vicente Island, Cabo Verde<br \/><strong>Email:<\/strong> <a>contato@dkriol.com<\/a><\/p>\n<!-- \/wp:paragraph --><!-- wp:heading {\"level\":4} --><!-- \/wp:paragraph -->\t\t\t\t\t\t<\/div>\n\t\t\t\t<\/div>\n\t\t\t\t\t<\/div>\n\t\t\t\t<\/div>\n\t\t\t\t<\/div>","protected":false},"excerpt":{"rendered":"<p>Leia nossa pol\u00edtica de privacidade para entender como protegemos suas informa\u00e7\u00f5es pessoais.<\/p>","protected":false},"author":1,"featured_media":1909,"parent":0,"menu_order":0,"comment_status":"closed","ping_status":"open","template":"elementor_header_footer","meta":{"_seopress_robots_primary_cat":"","_seopress_titles_title":"dkriol | Pol\u00edtica de Privacidade","_seopress_titles_desc":"Conhe\u00e7a nossa pol\u00edtica de privacidade. Saiba como tratamos seus dados pessoais e protegemos sua privacidade.","_seopress_robots_index":"","_joinchat":[],"footnotes":""},"class_list":["post-3","page","type-page","status-publish","has-post-thumbnail","hentry"],"_links":{"self":[{"href":"https:\/\/dkriol.com\/en\/wp-json\/wp\/v2\/pages\/3","targetHints":{"allow":["GET"]}}],"collection":[{"href":"https:\/\/dkriol.com\/en\/wp-json\/wp\/v2\/pages"}],"about":[{"href":"https:\/\/dkriol.com\/en\/wp-json\/wp\/v2\/types\/page"}],"author":[{"embeddable":true,"href":"https:\/\/dkriol.com\/en\/wp-json\/wp\/v2\/users\/1"}],"replies":[{"embeddable":true,"href":"https:\/\/dkriol.com\/en\/wp-json\/wp\/v2\/comments?post=3"}],"version-history":[{"count":15,"href":"https:\/\/dkriol.com\/en\/wp-json\/wp\/v2\/pages\/3\/revisions"}],"predecessor-version":[{"id":2094,"href":"https:\/\/dkriol.com\/en\/wp-json\/wp\/v2\/pages\/3\/revisions\/2094"}],"wp:featuredmedia":[{"embeddable":true,"href":"https:\/\/dkriol.com\/en\/wp-json\/wp\/v2\/media\/1909"}],"wp:attachment":[{"href":"https:\/\/dkriol.com\/en\/wp-json\/wp\/v2\/media?parent=3"}],"curies":[{"name":"wp","href":"https:\/\/api.w.org\/{rel}","templated":true}]}}